{"id":2001,"date":"2020-01-07T19:15:37","date_gmt":"2020-01-07T18:15:37","guid":{"rendered":"http:\/\/www.controsegno.com\/?page_id=2001"},"modified":"2020-01-14T18:47:57","modified_gmt":"2020-01-14T17:47:57","slug":"walter-nuccio-dialogo-con-i-tarocchi-un-gioco-di-introspezione","status":"publish","type":"page","link":"https:\/\/www.controsegno.com\/?page_id=2001","title":{"rendered":"Walter Nuccio: Dialogo con i Tarocchi &#8211; un gioco di introspezione"},"content":{"rendered":"<h5 style=\"text-align: justify;\"><span style=\"color: #ff0000;\">L&#8217;interpretazione moderna dei Tarocchi<\/span><\/h5>\n<p>La parola Tarocchi evoca indubbiamente l&#8217;immagine della cartomanzia, la visione forse pi\u00f9 popolare di questo gioco, secondo la quale sedicenti maghi o altri personaggi poco raccomandabili tentano di spillare soldi al superstizioso di turno. Purtroppo, infatti, sono in pochi a sapere che i Tarocchi hanno un retroterra culturale e una storia molto pi\u00f9 nobili di quanto appaia a prima vista, e che il loro utilizzo, non necessariamente legato alla divinazione, \u00e8 pi\u00f9 spesso inquadrato come una pratica introspettiva e meditativa, volta all\u2019esplorazione del proprio mondo interiore. Per questo motivo, nonch\u00e9 per la loro straordinaria capacit\u00e0 di esprimere profondi concetti filosofici attraverso il linguaggio del simbolo, i cosiddetti Arcani esercitano da sempre un notevole fascino su studiosi ed intellettuali, che hanno visto in queste figure misteriose, non un semplice gioco di immaginazione, ma una fitta rete di connessioni con la storia, il mito e la psicologia umana. Tra coloro che si sono interessati ai Tarocchi annoveriamo il celebre psicologo Carl Gustav Jung, che riconobbe negli Arcani il manifestarsi di rappresentazioni di carattere archetipico. Pi\u00f9 recentemente il regista Alejandro Jodorowsky, personalit\u00e0 eccentrica e poliedrica di fama mondiale, ha proposto nella sua opera &#8220;La via dei Tarocchi&#8221; (divenuta imprescindibile per chi si interessa di questi temi) l&#8217;utilizzo di queste carte come strumento proiettivo, attraverso il quale \u00e8 possibile entrare in contatto con le potenti forze dell&#8217;inconscio che si nascondono nell&#8217;animo di ciascuno.<\/p>\n<p>&nbsp;<\/p>\n<p><strong><span style=\"color: #ff0000;\">La mia visione<\/span> <\/strong><br \/>\nNella mia vita, pur vivendo principalmente della professione di ingegnere informatico, non ho mai rinunciato ad affiancare al lavoro due miei grandi interessi. Il primo sono i giochi da tavolo: oltre a essere autore di due giochi, di cui uno edito in Italia (Cubopolis &#8211; distribuito da Giochi Uniti), ho pubblicato il manuale di game design &#8220;La progettazione dei giochi da tavolo&#8221; (Mursia, 2016), che ha ricevuto molti apprezzamenti dagli addetti al settore (come risulta, tra l&#8217;altro, dalle recensioni su amazon.it) ed \u00e8 attualmente uno dei principali libri di riferimento su questa materia, nonch\u00e9 tra i testi consigliati in diverse universit\u00e0 italiane. Il secondo riguarda il tema dell\u2019evoluzione personale e la psicologia. Ho studiato la Floriterapia di Bach, presso l&#8217;Accademia di Floriterapia Psicodinamica con la guida della dottoressa Claudia Valsecchi, e da pi\u00f9 di dieci anni ho l&#8217;opportunit\u00e0 di accompagnare le persone nel superamento di momenti difficili della loro vita. Queste due passioni hanno trovato, pi\u00f9 recentemente, un punto di incontro nello studio e nella pratica dell&#8217;interpretazione dei Tarocchi, i quali, possono essere inquadrati come una disciplina umanistica, una forma d&#8217;arte e persino un vero e proprio &#8220;serious game&#8221;: un gioco d\u2019immaginazione sorprendentemente serio il cui scopo non \u00e8 il mero intrattenimento, bens\u00ec il raggiungimento, da parte del &#8220;giocatore&#8221;, di una pi\u00f9 profonda consapevolezza circa le problematiche e i dubbi con cui quotidianamente \u00e8 costretto a confrontarsi.<\/p>\n<p>&nbsp;<\/p>\n<p><strong><span style=\"color: #ff0000;\">Il corso<\/span><\/strong><\/p>\n<p>\u00c8 con questo spirito che ho organizzato il corso sull&#8217;interpretazione dei Tarocchi. L&#8217;obiettivo \u00e8 quello di fornire ai partecipanti uno strumento di supporto all&#8217;autoanalisi e all&#8217;evoluzione personale, dotato di una insospettabile profondit\u00e0. Un aspetto particolarmente innovativo del mio approccio didattico \u00e8 il ricorso ad una serie di giochi, da me progettati, che oltre a semplificare notevolmente l&#8217;acquisizione dei contenuti, conferiscono all&#8217;intera esperienza un&#8217;atmosfera coinvolgente e interattiva.<\/p>\n<p>Il corso di I livello, \u00e8 strutturato in tre incontri, un pomeriggio a settimana, della durata di 3 ore ciascuno, secondo il seguente schema:<\/p>\n<p>&nbsp;<\/p>\n<p><strong><span style=\"color: #ff0000;\">Introduzione all&#8217;interpretazione moderna dei Tarocchi (livello base)<\/span><\/strong><\/p>\n<ol>\n<li><u>\u00a0Lezione &#8211; gioved\u00ec 30 gennaio, 18.00-21.00\/sabato 1 febbraio 2020, 17.00-20.00<\/u>:\n<ul>\n<li>Struttura generale dei Tarocchi<\/li>\n<li>Analisi dettagliata dei primi 10 Arcani<\/li>\n<li>La Meditazione sull\u2019Arcano<\/li>\n<li>Giochi e applicazione pratica dei temi trattati<\/li>\n<\/ul>\n<\/li>\n<\/ol>\n<p>&nbsp;<\/p>\n<ol start=\"2\">\n<li><u>\u00a0Lezione &#8211; gioved\u00ec 6 febbraio, 18.00-21.00\/sabato 15 febbraio 2020, 17.00-20.00<\/u>:\n<ul>\n<li>Analisi dettagliata degli Arcani 11-20<\/li>\n<li>Metodi di lettura<\/li>\n<li>Giochi e applicazione pratica dei temi trattati<\/li>\n<\/ul>\n<\/li>\n<\/ol>\n<p>&nbsp;<\/p>\n<ol start=\"3\">\n<li><u>\u00a0Lezione &#8211; gioved\u00ec 13 febbraio, 18.00-21.00\/sabato 29 febbraio 2020, 17.00-20.00<\/u>:\n<ul>\n<li>Spazio per domande e dubbi<\/li>\n<li>Ultimi due Arcani: <em>Il Matto<\/em> e <em>Il Mondo<\/em><\/li>\n<li>La stesa e l\u2019interpretazione secondo il metodo di Wirth<\/li>\n<li>Giochi e applicazione pratica dei temi trattati<\/li>\n<\/ul>\n<\/li>\n<\/ol>\n<p>&nbsp;<\/p>\n<p>Durante il corso saranno fornite delle dispense riassuntive ai partecipanti e sar\u00f2 disponibile a successive chiarificazioni o approfondimenti. Per la partecipazione \u00e8 necessario il possesso di un mazzo di Tarocchi del tipo \u201cdi Marsiglia\u201d che potr\u00e0, a richiesta, essere procurato dal docente.<\/p>\n<p>Si consiglia l\u2019iscrizione su Facebook a DIALOGO CON I TAROCCHI per seguire tutti gli aggiornamenti su orari, materiali, ecc&#8230;\u00a0 <a href=\"https:\/\/www.facebook.com\/groups\/1189794617884914\/\">https:\/\/www.facebook.com\/groups\/1189794617884914\/<\/a><\/p>\n<p>Il gruppo \u00e8 pubblico, pertanto \u00c8 POSSIBILE VISUALIZZARNE I CONTENUTI ANCHE SE NON SI \u00c8 ISCRITTI SUL SOCIAL NETWORK.<\/p>\n<p><strong><span style=\"color: #ff0000;\">Il corso \u00e8 riservato ai soci Controsegno ed, eccezionalmente, nella quota di adesione sar\u00e0 inclusa l\u2019iscrizione annuale all\u2019associazione.<\/span><\/strong><\/p>\n<p><strong>Sede: Atelier Controsegno, Via Napoli 201, (La Pietra) Pozzuoli, Napoli. Lungomare Bagnoli, Cumana Dazio.<\/strong><\/p>\n<p><strong>Info: 3398735267 &#8211; 3471880448 &#8211; controsegno@libero.it &#8211; wnuccio@hotmail.com &#8211; www.controsegno.com &#8211; FB: Atelier Controsegno, Andrea Delfi<\/strong><\/p>\n<p><img decoding=\"async\" loading=\"lazy\" class=\"aligncenter size-full wp-image-2013\" src=\"http:\/\/www.controsegno.com\/wp-content\/uploads\/2020\/01\/walter-nuccio-1.jpg\" alt=\"walter nuccio\" width=\"1417\" height=\"1378\" srcset=\"https:\/\/www.controsegno.com\/wp-content\/uploads\/2020\/01\/walter-nuccio-1.jpg 1417w, https:\/\/www.controsegno.com\/wp-content\/uploads\/2020\/01\/walter-nuccio-1-300x292.jpg 300w, https:\/\/www.controsegno.com\/wp-content\/uploads\/2020\/01\/walter-nuccio-1-768x747.jpg 768w, https:\/\/www.controsegno.com\/wp-content\/uploads\/2020\/01\/walter-nuccio-1-1024x996.jpg 1024w, https:\/\/www.controsegno.com\/wp-content\/uploads\/2020\/01\/walter-nuccio-1-82x80.jpg 82w\" sizes=\"(max-width: 1417px) 100vw, 1417px\" \/><\/p>\n","protected":false},"excerpt":{"rendered":"<p>L&#8217;interpretazione moderna dei Tarocchi La parola Tarocchi evoca indubbiamente l&#8217;immagine della cartomanzia, la visione forse pi\u00f9 popolare di questo gioco, secondo la quale sedicenti maghi o altri personaggi poco raccomandabili tentano di spillare soldi al superstizioso di turno. Purtroppo, infatti, sono in pochi a sapere che i Tarocchi hanno un&#8230;<\/p>\n","protected":false},"author":1,"featured_media":1975,"parent":1880,"menu_order":0,"comment_status":"closed","ping_status":"closed","template":"","meta":[],"_links":{"self":[{"href":"https:\/\/www.controsegno.com\/index.php?rest_route=\/wp\/v2\/pages\/2001"}],"collection":[{"href":"https:\/\/www.controsegno.com\/index.php?rest_route=\/wp\/v2\/pages"}],"about":[{"href":"https:\/\/www.controsegno.com\/index.php?rest_route=\/wp\/v2\/types\/page"}],"author":[{"embeddable":true,"href":"https:\/\/www.controsegno.com\/index.php?rest_route=\/wp\/v2\/users\/1"}],"replies":[{"embeddable":true,"href":"https:\/\/www.controsegno.com\/index.php?rest_route=%2Fwp%2Fv2%2Fcomments&post=2001"}],"version-history":[{"count":9,"href":"https:\/\/www.controsegno.com\/index.php?rest_route=\/wp\/v2\/pages\/2001\/revisions"}],"predecessor-version":[{"id":2014,"href":"https:\/\/www.controsegno.com\/index.php?rest_route=\/wp\/v2\/pages\/2001\/revisions\/2014"}],"up":[{"embeddable":true,"href":"https:\/\/www.controsegno.com\/index.php?rest_route=\/wp\/v2\/pages\/1880"}],"wp:featuredmedia":[{"embeddable":true,"href":"https:\/\/www.controsegno.com\/index.php?rest_route=\/wp\/v2\/media\/1975"}],"wp:attachment":[{"href":"https:\/\/www.controsegno.com\/index.php?rest_route=%2Fwp%2Fv2%2Fmedia&parent=2001"}],"curies":[{"name":"wp","href":"https:\/\/api.w.org\/{rel}","templated":true}]}}