{"id":1953,"date":"2019-09-23T22:16:41","date_gmt":"2019-09-23T20:16:41","guid":{"rendered":"http:\/\/www.controsegno.com\/?page_id=1953"},"modified":"2019-09-23T22:28:49","modified_gmt":"2019-09-23T20:28:49","slug":"incidere-con-la-luce","status":"publish","type":"page","link":"https:\/\/www.controsegno.com\/?page_id=1953","title":{"rendered":"Incidere con la luce"},"content":{"rendered":"<p style=\"text-align: center;\"><span style=\"color: #ff0000;\"><strong>Alessandra Angelini: <em>Incidere con la luce<\/em><\/strong><\/span><\/p>\n<p style=\"text-align: center;\"><span style=\"color: #ff0000;\"><strong><em>Creazione e stampa di matrici a rilievo con metodologie ecosostenibili<\/em><\/strong><\/span><\/p>\n<p><strong>Workshop di stampa con matrici fotopolimeriche a cura di Alessandra Angelini, artista e docente di <em>Grafica d&#8217;Arte<\/em> presso l&#8217;Accademia di Belle Arti di Brera, Milano<\/strong><\/p>\n<p>Il\u00a0 Sole, la Luce, il Segno, sono i temi che animano questo gruppo di lavoro. L&#8217;incisione di matrici fotopolimeriche, attraverso i raggi UV contenuti nella luce solare, permette infatti agli artisti di creare liberamente le loro opere attingendo a un\u2019ampia gamma di modalit\u00e0 espressive senza ricorrere all\u2019uso di acidi o sostanze nocive per la salute. Durante il workshop si sperimenta l&#8217;incisione a rilievo su lastre fotopolimeriche, una tecnica che consente di ideare segni e immagini in maniera diretta sulla lastra, sfruttando anche la luce del sole e intervenendo in maniera creativa in fase di stampa. Le matrici ottenute si possono stampare su diversi supporti quali la carta, la stoffa, il piallaccio di legno e altro. La tecnica proposta, assai innovativa e creativa, nasce negli Stati Uniti dove Alessandra Angelini si \u00e8 suo tempo recata per frequentare dei seminari specializzati.<\/p>\n<p><strong>Domenica 29 settembre 2019, ore 10.00-19.00, 8 ore, I livello (per chi approccia per la prima volta)<\/strong><\/p>\n<p><strong>PROGRAMMA:\u00a0\u00a0\u00a0\u00a0\u00a0\u00a0\u00a0 <\/strong><\/p>\n<p><strong>Mattina<\/strong> (10.00 \u2013 14.00):<\/p>\n<ul>\n<li>Breve introduzione teorica sull&#8217;incisione artistica dei fotopolimeri attraverso i raggi UV e visualizzazione di alcune opere originali<\/li>\n<li>Laboratorio con dimostrazioni pratiche sulle fondamentali metodologie d\u2019impressione a rilievo delle matrici:<\/li>\n<li><u>in cavo<\/u> con interventi grafici e pittorici realizzati direttamente su lastra<\/li>\n<li><u>impronte<\/u> di oggetti e trasferite su lastra fotopolimerica<\/li>\n<\/ul>\n<p>&nbsp;<\/p>\n<p><strong>Pausa pranzo<\/strong> (14.00 \u2013 15.00) &#8211; i corsisti possono restare in atelier<\/p>\n<p><sub>\u00a0<\/sub><\/p>\n<p><strong>Pomeriggio<\/strong> (15.00 \u2013 19.00):<\/p>\n<ul>\n<li>Si sperimentano tutte le diverse modalit\u00e0 di stampa delle matrici realizzate (mediante l&#8217;utilizzo del torchio calcografico), con la creazione di opere grafiche personalizzate:<\/li>\n<li>stampa in <u>bianco e nero<\/u><\/li>\n<li>stampa <u>a colori <\/u>(doppia battuta) che consente di ottenere interessantissime variazioni cromatiche<\/li>\n<li>stampa <u>a secco<\/u> (gaufrage) che, sfruttando i rilievi della lastra, permette la realizzazione di opere dall&#8217;aspetto materico tipico del bassorilievo<\/li>\n<\/ul>\n<p>Ogni partecipante verr\u00e0 assistito singolarmente in tutti i passaggi, dalla realizzazione delle lastre alle stampe, sia dalla docente Alessandra Angelini, sia da Veronica Longo (ulteriore supporto per offrire un\u2019assistenza completa).<\/p>\n<p>Per la delicatezza dei procedimenti e con l&#8217;obiettivo di sperimentare tutte le modalit\u00e0 elencate, si lavorer\u00e0 su matrici di piccolo formato, 10 x 10 cm circa, con l&#8217;eccezione dell&#8217;ultima lastra di 15 x 20 cm. Al termine della giornata, ogni artista avr\u00e0 realizzato, oltre alle matrici, le stampe per ogni tecnica sperimentata.<\/p>\n<p>&nbsp;<\/p>\n<p><strong>IL CORSO \u00c8 RISERVATO AI SOCI ED \u00c8 PER UN NUMERO MASSIMO 10 PARTECIPANTI. PRENOTAZIONE OBBLIGATORIA. <\/strong>Chi \u00e8 interessato dovr\u00e0 avvisarci ALMENO il giorno prima, affinch\u00e9 si possa attivare la polizza assicurativa sugli infortuni. A conclusione del workshop viene rilasciato un attestato di partecipazione.<\/p>\n<p><strong>I materiali sono forniti dall\u2019atelier, <\/strong><strong>tutte le matrici e le stampe prodotte resteranno di propriet\u00e0 degli studenti.<\/strong><\/p>\n<p>&nbsp;<\/p>\n<p>Vi consigliamo di seguirci su Facebook per tutti gli aggiornamenti su orari, foto, materiali, ecc&#8230; Il link \u00e8 questo: https:\/\/www.facebook.com\/events\/406397786683705\/ed \u00e8 pubblico, pertanto E\u2019 POSSIBILE VISUALIZZARNE I CONTENUTI ANCHE SE NON SI E\u2019 ISCRITTI SU FB.<\/p>\n<p>&nbsp;<\/p>\n<p>Un giorno intenso con due insegnanti specializzate a vostra totale disposizione, un&#8217;esperienza altamente qualificante, un modo unico per far parte di questo fantastico mondo dell\u2019incisione ecologica e sperimentale, a pochi passi da casa. Assolutamente da non perdere: vi aspettiamo numerosi per condividere un&#8217;esperienza esaltante!<\/p>\n<p>&nbsp;<\/p>\n<p><strong>Alessandra Angelini<\/strong><\/p>\n<p>Nasce nel 1953 a Parma, si diploma in <em>Pittura<\/em> all\u2019Accademia di Belle Arti di Brera a Milano, dove dal 2005 \u00e8 titolare della cattedra di <em>Grafica d&#8217;Arte. <\/em>La sua ricerca artistica \u00e8 rivolta a diversi linguaggi espressivi: pittura, grafica, scultura e fotografia. Interessata alle connessioni tra Arte, Scienza e nuovi materiali, da tempo conduce ricerche tra manualit\u00e0 e tecnologia. Ha collaborato con varie istituzioni scientifiche internazionali, esponendo in Italia, Stati Uniti, Australia, Cina, Europa (Germania, Gran Bretagna, Portogallo, Estonia, Polonia, Spagna, Svizzera, Bulgaria). Sue opere sono presenti nelle collezioni d\u2019importanti musei italiani ed esteri. \u00a0<a href=\"http:\/\/www.alessandraangelini.org\">www.alessandraangelini.org<\/a><\/p>\n<p>&nbsp;<\/p>\n<p><img decoding=\"async\" loading=\"lazy\" class=\"aligncenter size-full wp-image-1954\" src=\"http:\/\/www.controsegno.com\/wp-content\/uploads\/2019\/09\/Foto-4.jpg\" alt=\"Foto 4\" width=\"640\" height=\"960\" srcset=\"https:\/\/www.controsegno.com\/wp-content\/uploads\/2019\/09\/Foto-4.jpg 640w, https:\/\/www.controsegno.com\/wp-content\/uploads\/2019\/09\/Foto-4-200x300.jpg 200w, https:\/\/www.controsegno.com\/wp-content\/uploads\/2019\/09\/Foto-4-53x80.jpg 53w\" sizes=\"(max-width: 640px) 100vw, 640px\" \/><br \/>\n<strong>Info: <\/strong><strong>Atelier <em>Controsegno<\/em><\/strong>, Via Napoli 201, La Pietra (lungomare Bagnoli, presso stazione Cumana <em>Dazio<\/em>) &#8211; 339.8735267 &#8211; <a href=\"mailto:controsegno@libero.it\">controsegno@libero.it<\/a> &#8211; <a href=\"http:\/\/www.controsegno.com\">www.controsegno.com<\/a> &#8211; FB: AtelierControsegno<\/p>\n","protected":false},"excerpt":{"rendered":"<p>Alessandra Angelini: Incidere con la luce Creazione e stampa di matrici a rilievo con metodologie ecosostenibili Workshop di stampa con matrici fotopolimeriche a cura di Alessandra Angelini, artista e docente di Grafica d&#8217;Arte presso l&#8217;Accademia di Belle Arti di Brera, Milano Il\u00a0 Sole, la Luce, il Segno, sono i temi&#8230;<\/p>\n","protected":false},"author":1,"featured_media":1957,"parent":1764,"menu_order":0,"comment_status":"closed","ping_status":"closed","template":"","meta":[],"_links":{"self":[{"href":"https:\/\/www.controsegno.com\/index.php?rest_route=\/wp\/v2\/pages\/1953"}],"collection":[{"href":"https:\/\/www.controsegno.com\/index.php?rest_route=\/wp\/v2\/pages"}],"about":[{"href":"https:\/\/www.controsegno.com\/index.php?rest_route=\/wp\/v2\/types\/page"}],"author":[{"embeddable":true,"href":"https:\/\/www.controsegno.com\/index.php?rest_route=\/wp\/v2\/users\/1"}],"replies":[{"embeddable":true,"href":"https:\/\/www.controsegno.com\/index.php?rest_route=%2Fwp%2Fv2%2Fcomments&post=1953"}],"version-history":[{"count":2,"href":"https:\/\/www.controsegno.com\/index.php?rest_route=\/wp\/v2\/pages\/1953\/revisions"}],"predecessor-version":[{"id":1961,"href":"https:\/\/www.controsegno.com\/index.php?rest_route=\/wp\/v2\/pages\/1953\/revisions\/1961"}],"up":[{"embeddable":true,"href":"https:\/\/www.controsegno.com\/index.php?rest_route=\/wp\/v2\/pages\/1764"}],"wp:featuredmedia":[{"embeddable":true,"href":"https:\/\/www.controsegno.com\/index.php?rest_route=\/wp\/v2\/media\/1957"}],"wp:attachment":[{"href":"https:\/\/www.controsegno.com\/index.php?rest_route=%2Fwp%2Fv2%2Fmedia&parent=1953"}],"curies":[{"name":"wp","href":"https:\/\/api.w.org\/{rel}","templated":true}]}}