{"id":1890,"date":"2018-06-20T15:40:19","date_gmt":"2018-06-20T13:40:19","guid":{"rendered":"http:\/\/www.controsegno.com\/?page_id=1890"},"modified":"2018-06-20T16:23:22","modified_gmt":"2018-06-20T14:23:22","slug":"il-fascino-dellincisione-a-rilievo","status":"publish","type":"page","link":"https:\/\/www.controsegno.com\/?page_id=1890","title":{"rendered":"Il fascino dell&#8217;incisione a rilievo"},"content":{"rendered":"<p style=\"text-align: justify;\"><!--more-->Il corso di incisione a rilievo tenuto da Veronica Longo, intende approfondire l&#8217;utilizzo di strumenti e supporti, al fine di ottenere pregevoli stampe d&#8217;arte.<br \/>\nDurante le lezioni, si imparer\u00e0 a incidere su legno di filo, MDF (Medium-density fibreboard) e linoleum, per poter comprendere fino in fondo le potenzialit\u00e0 della tecnica xilografica\/linoleografica. Non solo, si verr\u00e0 a conoscenza della storia, si potranno utilizzare tutti gli strumenti professionali a disposizione nel laboratorio (molti dei quali provenienti dal Giappone) e si realizzer\u00e0 un lavoro un po&#8217; pi\u00f9 complesso, come il camaieu.<br \/>\nLe lezioni intensive, della durata di 5 ore, si terranno <strong><span style=\"color: #ff0000;\">sabato 23 giugno e 7 luglio, dalle 9:30 alle 14:30<\/span>. <\/strong><\/p>\n<p style=\"text-align: justify;\"><strong>Chi non potr\u00e0 venire il 7 luglio, perch\u00e9 in vacanza, potr\u00e0 recuperare la lezione entro il 9 agosto o la prima settimana di settembre, con data da concordare con l\u2019insegnante. <\/strong><br \/>\nTUTTI i materiali sono offerti dall&#8217;Atelier e gli allievi rientreranno a casa con matrici e stampe realizzate di persona con il torchio.<br \/>\n<strong>E&#8217; consigliabile che ognuno porti con s\u00e9 un paio di bozzetti su carta semplice (preferibilmente ribaltati), fotocopie o simili, del formato 20 x 20 cm<\/strong>, affinch\u00e9 non si perda tempo prezioso a pensare il soggetto da realizzare. In particolare, disegni con contorni, tinte piatte, sintetici nell&#8217;insieme: lo scopo \u00e8 infatti imparare la tecnica e le sue varie sfaccettature portando a compimento l&#8217;elaborato, per poi poter essere autosufficienti quando si lavora in grande formato e per conto proprio.<\/p>\n<p style=\"text-align: justify;\"><span style=\"color: #ff0000;\"><strong>IL CORSO E&#8217; RISERVATO AI SOCI CONTROSEGNO <\/strong><strong>ED \u00e8 PER UN NUMERO MASSIMO DI 10 PERSONE. <\/strong><\/span><\/p>\n<p style=\"text-align: justify;\"><span style=\"color: #ff0000;\"><strong>E\u2019 richiesta la prenotazione <\/strong><\/span>per stipulare la polizza assicurativa obbligatoria contro gli infortuni e preparare materiali e laboratori.<\/p>\n<p><strong>Evento Facebook aperto anche per i non iscritti al social network:\u00a0<\/strong><\/p>\n<p><strong><a href=\"https:\/\/www.facebook.com\/events\/179140332776401\/\">https:\/\/www.facebook.com\/events\/179140332776401\/<\/a><\/strong><\/p>\n<p>&nbsp;<\/p>\n<p><strong>VERONICA LONGO<\/strong><\/p>\n<p style=\"text-align: justify;\">Nata a Napoli, si laurea in\u00a0<em>Lettere Moderne<\/em>\u00a0all\u2019Universit\u00e0\u00a0<em>Federico II<\/em>\u00a0di Napoli, consegue il diploma accademico di II livello in\u00a0\u00a0<em>Arti Visive e Discipline dello Spettacolo<\/em>, indirizzo\u00a0<em>Grafica d\u2019Arte<\/em>, e si abilita all\u2019insegnamento di\u00a0<em>Arte della Fotografia e della Grafica Pubblicitaria<\/em>, entrambi conseguiti all\u2019Accademia di Belle Arti di Napoli. Nel 2012 vince\u00a0<em>l\u2019Artist Residence Program<\/em>\u00a0presso l&#8217;Art Studio Itsukaichi Operation Committee (ASIOC), ad Akiruno-City,Tokyo e viene pubblicato il suo manuale\u00a0<em>Nuove Tecniche Incisorie Sperimentali<\/em>\u00a0edito dal Centro Internazionale della Grafica di Venezia. Nel 2017 insegna\u00a0<em>Tecniche dell\u2019Incisione \u2013 Grafica d\u2019Arte<\/em>\u00a0 all\u2019Accademia di Belle Arti L\u2019Aquila e nel 2018 ottiene la cattedra come docente di\u00a0<em>Discipline Grafico-Pubblicitarie<\/em>\u00a0a Napoli.\u00a0Vive a Pozzuoli dove lavora come docente, incisore, stampatore e curatrice di eventi.<\/p>\n","protected":false},"excerpt":{"rendered":"","protected":false},"author":1,"featured_media":1891,"parent":1764,"menu_order":0,"comment_status":"closed","ping_status":"closed","template":"","meta":[],"_links":{"self":[{"href":"https:\/\/www.controsegno.com\/index.php?rest_route=\/wp\/v2\/pages\/1890"}],"collection":[{"href":"https:\/\/www.controsegno.com\/index.php?rest_route=\/wp\/v2\/pages"}],"about":[{"href":"https:\/\/www.controsegno.com\/index.php?rest_route=\/wp\/v2\/types\/page"}],"author":[{"embeddable":true,"href":"https:\/\/www.controsegno.com\/index.php?rest_route=\/wp\/v2\/users\/1"}],"replies":[{"embeddable":true,"href":"https:\/\/www.controsegno.com\/index.php?rest_route=%2Fwp%2Fv2%2Fcomments&post=1890"}],"version-history":[{"count":6,"href":"https:\/\/www.controsegno.com\/index.php?rest_route=\/wp\/v2\/pages\/1890\/revisions"}],"predecessor-version":[{"id":1905,"href":"https:\/\/www.controsegno.com\/index.php?rest_route=\/wp\/v2\/pages\/1890\/revisions\/1905"}],"up":[{"embeddable":true,"href":"https:\/\/www.controsegno.com\/index.php?rest_route=\/wp\/v2\/pages\/1764"}],"wp:featuredmedia":[{"embeddable":true,"href":"https:\/\/www.controsegno.com\/index.php?rest_route=\/wp\/v2\/media\/1891"}],"wp:attachment":[{"href":"https:\/\/www.controsegno.com\/index.php?rest_route=%2Fwp%2Fv2%2Fmedia&parent=1890"}],"curies":[{"name":"wp","href":"https:\/\/api.w.org\/{rel}","templated":true}]}}