{"id":1837,"date":"2018-02-16T22:31:14","date_gmt":"2018-02-16T21:31:14","guid":{"rendered":"http:\/\/www.controsegno.com\/?page_id=1837"},"modified":"2018-06-20T15:55:58","modified_gmt":"2018-06-20T13:55:58","slug":"ceramica-in-sfoglie-e-smaltature","status":"publish","type":"page","link":"https:\/\/www.controsegno.com\/?page_id=1837","title":{"rendered":"Ceramica in sfoglie e smaltature"},"content":{"rendered":"<p style=\"text-align: justify;\"><span style=\"color: #800000;\"><strong><em>Corso di costruzione a lastra con argilla refrattaria<\/em><\/strong><\/span><\/p>\n<div style=\"text-align: justify;\"><strong>Maria Sabetti<\/strong>, napoletana, classe 1964, dopo gli studi di\u00a0<em>Grafica pubblicitaria<\/em>\u00a0nel 2003 consegue il diploma di II livello in\u00a0<em>Pittura<\/em>\u00a0presso l\u2019Accademia di Belle Arti di Napoli, dove frequenta anche la\u00a0<em>Scuola Libera del Nudo<\/em>\u00a0e i corsi di\u00a0<em>Tecniche dell\u2019Incisione<\/em>.<br \/>\nL\u2019incontro con la ceramica avviene quasi per caso nel 2000 quando, entrando in un laboratorio, resta letteralmente rapita dal fascino della forgiatura e della duttilit\u00e0 di questo materiale. Inizia cos\u00ec i suoi lavori e nel 2011-12 segue dei workshop di ceramica a Velletri, fino alla scoperta del raku, grazie ai maestri Riccardo Paolucci e Matteo Salsano.<br \/>\nDal 2008 fonda il laboratorio\u00a0<em>MASA<\/em>, che da anni accoglie tutti coloro che vogliono apprendere i segreti della ceramica, dal refrattario alla brillantezza del raku, ma anche ospitando altri artisti che insegnino, ad esempio, l\u2019arte presepiale, nella pi\u00f9 pura tradizione partenopea del \u2018700.Il corso, della durata di 10\u00a0ore, \u00e8 per tutti i livelli e offre la possibilit\u00e0 di creare, attraverso forme geometriche, elaborati complessi ma facili da realizzare, senza dover impiegare la tecnica al \u201ccolombino\u201d o il tornio, consentendo cos\u00ec, successivamente, di poter lavorare anche a casa per conto proprio.<\/div>\n<div><\/div>\n<div><span style=\"color: #800000;\"><strong>Sabato 17\u00a0marzo, ore 10:30 \u201317.30 e gioved\u00ec 22 marzo, ore 16:00-20:00<\/strong><\/span><\/div>\n<div><\/div>\n<div><strong>PROGRAMMA:<\/strong><br \/>\n<strong>Sabato 17\u00a0marzo<\/strong><br \/>\n<strong>Mattina<\/strong> <strong>(10.30 \u2013 13.30):<\/strong>Preparazione della \u201cbarbottina&#8221; e delle lastre ed essiccazione di queste con asciugacapelli.<strong>Pausa pranzo (13.30 \u2013 14.30):<\/strong>\u00a0i corsisti possono restare in atelier.<\/p>\n<p><strong>Pomeriggio (14.30 \u2013 17.30):\u00a0<\/strong><\/p>\n<p>Taglio delle lastre tramite cartamodelli in cartone della dimensione di circa 20cm di altezza e\u00a0 10&#215;10 cm di base.<\/p>\n<p><strong>Giovod\u00ec 22\u00a0marzo<\/strong><br \/>\n<strong>Pomeriggio (16.00 \u2013 20.00):<\/strong><\/p>\n<p>Dopo la prima cottura dei lavori realizzati, si procede alla decorazione usando smalti o cristalline. Gli elaboratori sono cos\u00ec pronti per la seconda cottura e <strong>sabato 22 marzo, dalle 16.30 alle 20.00<\/strong>, gli allievi potranno ritirali. La docente curer\u00e0 personalmente, nel suo laboratorio, la cottura dei singoli oggetti.<\/p>\n<p><span style=\"color: #800000;\"> <strong>IL CORSO \u00c8\u00a0RISERVATO AI SOCI ED\u00a0\u00c8\u00a0PER UN NUMERO MASSIMO 10 PARTECIPANTI<\/strong>. <strong>PRENOTAZIONE OBBLIGATORIA<\/strong>.<\/span><\/p>\n<p>Chi \u00e8 interessato dovr\u00e0 avvisarci ALMENO il giorno prima, affinch\u00e9 si possa attivare la polizza assicurativa sugli infortuni.<\/p>\n<p>A conclusione del workshop viene rilasciato un attestato di partecipazione.<\/p>\n<p>Tutti i materiali necessari sono forniti dall\u2019atelier e ogni oggetto realizzato, resta di propriet\u00e0 degli studenti.<\/p>\n<p>Vi aspettiamo numerosi!<\/p>\n<\/div>\n<div>\n<p><span style=\"color: #800000;\"><strong>Info:\u00a0Atelier Controsegno, Via Napoli 201, La Pietra (lungomare Bagnoli, presso stazione Cumana<\/strong><strong>\u00a0<em>Dazio<\/em>) &#8211;\u00a0\u00a0+39. 3398735267 &#8211;\u00a0<\/strong><strong><a style=\"color: #800000;\" href=\"mailto:controsegno@libero.it\" target=\"_blank\">controsegno@libero.it<\/a><\/strong><strong>\u00a0 FB:\u00a0<a style=\"color: #800000;\" href=\"https:\/\/www.facebook.com\/AtelierControsegno\/\">AtelierControsegno<\/a><\/strong><\/span><br \/>\n<span style=\"color: #800000;\"><strong>Evento Facebook visibile anche per i non iscritti al social network:<\/strong><\/span><br \/>\n<span style=\"color: #800000;\"><strong><a style=\"color: #800000;\" href=\"https:\/\/www.facebook.com\/events\/1848526385219187\/\">https:\/\/www.facebook.com\/events\/1848526385219187\/<\/a><\/strong><\/span><\/p>\n<\/div>\n<div><\/div>\n<div><img decoding=\"async\" loading=\"lazy\" class=\"aligncenter size-full wp-image-1839\" src=\"http:\/\/www.controsegno.com\/wp-content\/uploads\/2018\/02\/vasi-legg.jpg\" alt=\"vasi legg\" width=\"385\" height=\"250\" srcset=\"https:\/\/www.controsegno.com\/wp-content\/uploads\/2018\/02\/vasi-legg.jpg 385w, https:\/\/www.controsegno.com\/wp-content\/uploads\/2018\/02\/vasi-legg-300x195.jpg 300w, https:\/\/www.controsegno.com\/wp-content\/uploads\/2018\/02\/vasi-legg-123x80.jpg 123w\" sizes=\"(max-width: 385px) 100vw, 385px\" \/><\/div>\n","protected":false},"excerpt":{"rendered":"<p>Corso di costruzione a lastra con argilla refrattaria Maria Sabetti, napoletana, classe 1964, dopo gli studi di\u00a0Grafica pubblicitaria\u00a0nel 2003 consegue il diploma di II livello in\u00a0Pittura\u00a0presso l\u2019Accademia di Belle Arti di Napoli, dove frequenta anche la\u00a0Scuola Libera del Nudo\u00a0e i corsi di\u00a0Tecniche dell\u2019Incisione. L\u2019incontro con la ceramica avviene quasi per&#8230;<\/p>\n","protected":false},"author":1,"featured_media":1840,"parent":1880,"menu_order":0,"comment_status":"closed","ping_status":"closed","template":"page-sidebarleft.php","meta":[],"_links":{"self":[{"href":"https:\/\/www.controsegno.com\/index.php?rest_route=\/wp\/v2\/pages\/1837"}],"collection":[{"href":"https:\/\/www.controsegno.com\/index.php?rest_route=\/wp\/v2\/pages"}],"about":[{"href":"https:\/\/www.controsegno.com\/index.php?rest_route=\/wp\/v2\/types\/page"}],"author":[{"embeddable":true,"href":"https:\/\/www.controsegno.com\/index.php?rest_route=\/wp\/v2\/users\/1"}],"replies":[{"embeddable":true,"href":"https:\/\/www.controsegno.com\/index.php?rest_route=%2Fwp%2Fv2%2Fcomments&post=1837"}],"version-history":[{"count":8,"href":"https:\/\/www.controsegno.com\/index.php?rest_route=\/wp\/v2\/pages\/1837\/revisions"}],"predecessor-version":[{"id":1889,"href":"https:\/\/www.controsegno.com\/index.php?rest_route=\/wp\/v2\/pages\/1837\/revisions\/1889"}],"up":[{"embeddable":true,"href":"https:\/\/www.controsegno.com\/index.php?rest_route=\/wp\/v2\/pages\/1880"}],"wp:featuredmedia":[{"embeddable":true,"href":"https:\/\/www.controsegno.com\/index.php?rest_route=\/wp\/v2\/media\/1840"}],"wp:attachment":[{"href":"https:\/\/www.controsegno.com\/index.php?rest_route=%2Fwp%2Fv2%2Fmedia&parent=1837"}],"curies":[{"name":"wp","href":"https:\/\/api.w.org\/{rel}","templated":true}]}}