{"id":1829,"date":"2018-02-16T22:07:46","date_gmt":"2018-02-16T21:07:46","guid":{"rendered":"http:\/\/www.controsegno.com\/?page_id=1829"},"modified":"2018-06-20T15:55:34","modified_gmt":"2018-06-20T13:55:34","slug":"grabado-verde-oltre-il-tetra-pak-master-class","status":"publish","type":"page","link":"https:\/\/www.controsegno.com\/?page_id=1829","title":{"rendered":"Grabado verde: Oltre il Tetra Pak &#8211; Master class"},"content":{"rendered":"<p><strong>Maria Ang\u00e9lica Mirauda<\/strong>: di origine cilena, ideatrice del <em>Grabado verde<\/em>, professoressa presso l\u2019<em>Universidad Finis Terrae<\/em> di Santiago del Cile, ospite di <em>Controsegno<\/em> nel 2016 e 2017, propone ora un laboratorio, per chiunque voglia superare la pura tecnica per porla al servizio dell&#8217;opera.<br \/>\n<strong>Il corso di <em>Incisione verde &#8211; master class<\/em>, si rivolge a chi ha gi\u00e0 acquisito le competenze sull&#8217;utilizzo del tetra pak, ma va molto oltre la pura metodologia.<\/strong><\/p>\n<p>Workshop avanzato di II l<span class=\"text_exposed_show\">ivello (per chi ha le conoscenze basi)<br \/>\n\u201cL\u2019incisione verde: OLTRE il tetrapak\u201d<\/span><\/p>\n<div class=\"text_exposed_show\">\n<p>Il corso, oltre a far sviluppare matrici di grandi dimensioni da stampare su un formato carta 50 x 70 cm, (con le relative difficolt\u00e0 che ci\u00f2 comporta) intende sviluppare un progetto che sia anche fortemente meditato, dipanando i seguenti punti:<\/p>\n<p>1- Scelta consapevole di un determinato soggetto da realizzare<br \/>\n2- Scelta specifica della tecnica tra le varie conosciute nell&#8217;ambito dell&#8217;Incisione verde (&#8220;abbraccio&#8221;,<br \/>\n&#8220;sandwich&#8221;, sovrapposizione delle matrici&#8230;) e modalit\u00e0 di stampa<br \/>\n3- Utilizzo dell&#8217;immagine prodotta per diversi fini<br \/>\n4- Reazione che l&#8217;opera creata deve suscitare nell&#8217;osservatore<\/p>\n<p><span style=\"color: #800000;\"><strong>Sabato e domenica 10-11 marzo 2018, ore 10.00 \u2013 19.00<\/strong><\/span><\/p>\n<p><strong>PROGRAMMA:<\/strong><\/p>\n<p><strong>Sabato 10 marzo<\/strong><\/p>\n<p>Mattina (10.00 \u2013 14.00):<br \/>\n&#8211; Realizzazione delle matrici di grande formato seguendo i primi due punti richiesti<\/p>\n<p>Pausa pranzo (14.00 \u2013 15.00) &#8211; i corsisti possono restare in atelier<\/p>\n<p>Pomeriggio (15.00 \u2013 19.00):<br \/>\n&#8211; Stampa calcografica delle matrici in bianco\/nero per verifica degli elaborati su carta 35 x 50 cm<\/p>\n<p><strong>Domenica 11 marzo<\/strong><\/p>\n<p>Mattina (10.00 \u2013 14.00):<br \/>\n&#8211; Modifica degli elaborati, a seconda del prodotto finale da realizzare o produzione di un&#8217;altra matrice<\/p>\n<p>Pausa pranzo (14.00 \u2013 15.00) &#8211; i corsisti possono restare in atelier<\/p>\n<p>Pomeriggio (15.00 \u2013 19.00):<br \/>\n&#8211; Stampe calcografiche in bianco\/nero, a 1 colore, a poup\u00e9e o con i rulli secondo i metodi di Hayter, su carta 50 x 70 cm<\/p>\n<p><strong>IL CORSO \u00c8 RISERVATO AI SOCI ED \u00c8 PER UN NUMERO MASSIMO 10 PARTECIPANTI. PRENOTAZIONE OBBLIGATORIA.<\/strong><br \/>\nChi \u00e8 interessato dovr\u00e0 avvisarci ALMENO il giorno prima, affinch\u00e9 si possa attivare la polizza assicurativa sugli infortuni. A conclusione del workshop viene rilasciato un attestato di partecipazione.<\/p>\n<p><span style=\"text-decoration: underline;\">E&#8217; consigliabile che gli allievi portino con s\u00e9 dei bozzetti di circa 25&#215;35 cm o 30x40cm. <\/span><\/p>\n<p>Tutti i materiali sono forniti dall\u2019atelier e ogni matrice e stampa che realizzano, restano di propriet\u00e0 degli studenti.<\/p>\n<p>Vi aspettiamo numerosi!<\/p>\n<p><span style=\"color: #800000;\"><strong>Info: Atelier\u00a0<em>Controsegno<\/em>, Via Napoli 201, La Pietra (lungomare Bagnoli, presso stazione Cumana<\/strong>\u00a0<em><strong>Dazio<\/strong><\/em><strong>) &#8211;\u00a0<\/strong><strong>3398735267 &#8211;\u00a0<\/strong><a style=\"color: #800000;\" href=\"mailto:controsegno@libero.it\" target=\"_blank\"><strong>controsegno@libero.it<\/strong><\/a><strong>\u00a0&#8211; Facebook:\u00a0<\/strong><a style=\"color: #800000;\" href=\"http:\/\/www.facebook.com\/AtelierControsegno\/\"><strong>Atelier Controsegno<\/strong><\/a><\/span><br \/>\n<span style=\"color: #800000;\"><strong>Evento Facebook visibile anche per i non iscritti al social network:<\/strong><strong><a style=\"color: #800000;\" href=\"https:\/\/www.facebook.com\/events\/207702946474520\/\" target=\"_blank\">https:\/\/www.facebook.com\/events\/207702946474520\/<\/a><\/strong><\/span><\/p>\n<p><img decoding=\"async\" loading=\"lazy\" class=\"aligncenter size-full wp-image-1832\" src=\"http:\/\/www.controsegno.com\/wp-content\/uploads\/2018\/02\/lili-master2.jpg\" alt=\"lili master2\" width=\"787\" height=\"476\" srcset=\"https:\/\/www.controsegno.com\/wp-content\/uploads\/2018\/02\/lili-master2.jpg 787w, https:\/\/www.controsegno.com\/wp-content\/uploads\/2018\/02\/lili-master2-300x181.jpg 300w, https:\/\/www.controsegno.com\/wp-content\/uploads\/2018\/02\/lili-master2-768x465.jpg 768w, https:\/\/www.controsegno.com\/wp-content\/uploads\/2018\/02\/lili-master2-132x80.jpg 132w\" sizes=\"(max-width: 787px) 100vw, 787px\" \/><\/p>\n<p style=\"text-align: center;\"><strong>M.A. Mirauda, &#8220;Patty&#8221;, 2017<br \/>\nMatrici in tetra pak stampate\u00a0su carta giapponese di grande formato<\/strong><\/p>\n<\/div>\n","protected":false},"excerpt":{"rendered":"<p>Maria Ang\u00e9lica Mirauda: di origine cilena, ideatrice del Grabado verde, professoressa presso l\u2019Universidad Finis Terrae di Santiago del Cile, ospite di Controsegno nel 2016 e 2017, propone ora un laboratorio, per chiunque voglia superare la pura tecnica per porla al servizio dell&#8217;opera. Il corso di Incisione verde &#8211; master class,&#8230;<\/p>\n","protected":false},"author":1,"featured_media":1831,"parent":1764,"menu_order":0,"comment_status":"closed","ping_status":"closed","template":"page-sidebarleft.php","meta":[],"_links":{"self":[{"href":"https:\/\/www.controsegno.com\/index.php?rest_route=\/wp\/v2\/pages\/1829"}],"collection":[{"href":"https:\/\/www.controsegno.com\/index.php?rest_route=\/wp\/v2\/pages"}],"about":[{"href":"https:\/\/www.controsegno.com\/index.php?rest_route=\/wp\/v2\/types\/page"}],"author":[{"embeddable":true,"href":"https:\/\/www.controsegno.com\/index.php?rest_route=\/wp\/v2\/users\/1"}],"replies":[{"embeddable":true,"href":"https:\/\/www.controsegno.com\/index.php?rest_route=%2Fwp%2Fv2%2Fcomments&post=1829"}],"version-history":[{"count":2,"href":"https:\/\/www.controsegno.com\/index.php?rest_route=\/wp\/v2\/pages\/1829\/revisions"}],"predecessor-version":[{"id":1833,"href":"https:\/\/www.controsegno.com\/index.php?rest_route=\/wp\/v2\/pages\/1829\/revisions\/1833"}],"up":[{"embeddable":true,"href":"https:\/\/www.controsegno.com\/index.php?rest_route=\/wp\/v2\/pages\/1764"}],"wp:featuredmedia":[{"embeddable":true,"href":"https:\/\/www.controsegno.com\/index.php?rest_route=\/wp\/v2\/media\/1831"}],"wp:attachment":[{"href":"https:\/\/www.controsegno.com\/index.php?rest_route=%2Fwp%2Fv2%2Fmedia&parent=1829"}],"curies":[{"name":"wp","href":"https:\/\/api.w.org\/{rel}","templated":true}]}}