{"id":1777,"date":"2017-11-27T12:02:09","date_gmt":"2017-11-27T11:02:09","guid":{"rendered":"http:\/\/www.controsegno.com\/?page_id=1777"},"modified":"2018-06-20T15:55:58","modified_gmt":"2018-06-20T13:55:58","slug":"ethno-danze","status":"publish","type":"page","link":"https:\/\/www.controsegno.com\/?page_id=1777","title":{"rendered":"ETHNO-DANZE"},"content":{"rendered":"<h3>Seminari intensivi a tema &#8211; corsi riservati esclusivamente ai soci<\/h3>\n<p>&nbsp;<\/p>\n<h3 style=\"text-align: center;\">Laboratori tenuti da\u00a0<span style=\"color: #800000;\"><strong>Ilaria Cipolletta<\/strong><\/span>\u00a0e\u00a0<span style=\"color: #800000;\"><strong>Caterina Stasino<\/strong><\/span><\/h3>\n<p><img decoding=\"async\" loading=\"lazy\" class=\"size-full wp-image-1814\" src=\"http:\/\/www.controsegno.com\/wp-content\/uploads\/2017\/11\/Ethnodanze.jpg\" alt=\"Ethnodanze\" width=\"1717\" height=\"1181\" srcset=\"https:\/\/www.controsegno.com\/wp-content\/uploads\/2017\/11\/Ethnodanze.jpg 1717w, https:\/\/www.controsegno.com\/wp-content\/uploads\/2017\/11\/Ethnodanze-300x206.jpg 300w, https:\/\/www.controsegno.com\/wp-content\/uploads\/2017\/11\/Ethnodanze-768x528.jpg 768w, https:\/\/www.controsegno.com\/wp-content\/uploads\/2017\/11\/Ethnodanze-1024x704.jpg 1024w, https:\/\/www.controsegno.com\/wp-content\/uploads\/2017\/11\/Ethnodanze-116x80.jpg 116w\" sizes=\"(max-width: 1717px) 100vw, 1717px\" \/><\/p>\n<p style=\"text-align: justify;\"><span style=\"color: #ff0000;\"><strong><em>Tamurriando <\/em><\/strong><strong>(tradizione della Campania)<\/strong>:<\/span> Il modulo base, per principianti, ha una durata totale di\u00a0<strong>12 ore e dura circa 2 mesi<\/strong>. Le lezioni durano\u00a0<strong>1 ora e 30<\/strong>\u00a0e si svolgono\u00a0<strong>ogni<\/strong>\u00a0<strong>gioved\u00ec 18:00-19.30, dall&#8217;8 febbraio.<\/strong><br \/>\nIl corso intende avvicinare le persone alle danze e al folklore popolare campano, attraverso un percorso culturale pratico-teorico, all\u2019insegna del benessere psicofisico, del rilassamento e del divertimento. \u00e8 aperto a tutti e per ogni et\u00e0, dai giovanissimi ai diversamente giovani:\u00a0<strong>massimo 15 partecipanti, minimo 5<\/strong>.<\/p>\n<p style=\"text-align: justify;\"><strong>Attivit\u00e0 modulo base<\/strong><br \/>\n<strong>Parte pratica:<\/strong>\u00a0approccio con i ritmi tradizionali delle tamurriate della Campania (agro nocerino sarnese) e monti lattari (avvocata), il ritmo e il movimento binario, il movimento del corpo nello spazio, il movimento degli arti inferiori e di quelli superiori, i movimenti per scaricare lo stress, uso delle castagnette durante il ballo, il ballo in coppia, le variazioni di ritmo durante il ballo (votata).<\/p>\n<p><strong>Parte didattica:<\/strong>\u00a0 (Eventuali dispense didattiche saranno fornite dalle insegnanti)<br \/>\n&#8211; storia e nascita della tradizione popolare della tamurriata;<br \/>\n&#8211; storia e nascita dello strumento (tamburo a cornice) o tammorra;<br \/>\n&#8211; spiegazione dei simboli magico religiosi legati al ballo e al suono;<br \/>\n&#8211; storie e leggende legate al culto della madre terra attraverso la pratica della tamurriata;<br \/>\n&#8211; considerazioni e commenti finali, eventuale performance di fine modulo.<\/p>\n<p>Durante il corso occorre indossare abiti comodi, leggeri e non stretti (preferibilmente gonne lunghe o vestiti per le donne, pantaloni comodi per gli uomini), scarpe basse e con suola non scivolosa.<\/p>\n<p>&nbsp;<\/p>\n<p style=\"text-align: justify;\"><span style=\"color: #ff0000;\"><strong><em>\u2026 Pizzicando\u2026<\/em><\/strong> <strong>(tradizione del Salento)<\/strong>:<\/span> Il modulo base, per principianti, ha una durata totale di\u00a0<strong>12 ore e dura circa 2 mesi<\/strong>. Le lezioni durano\u00a0<strong>1 ora e 30<\/strong>\u00a0e si svolgono\u00a0<strong>ogni gioved\u00ec 19:30-21:00, dall&#8217;8 febbraio<\/strong>.<br \/>\nIl corso intende accompagnare i partecipanti all\u2019introduzione delle danze e dei ritmi tradizionali salentini, attraverso un percorso culturale pratico-teorico, all\u2019insegna del benessere psicofisico, del rilassamento e del divertimento. \u00c8 aperto a tutti e per ogni et\u00e0, dai giovanissimi ai diversamente giovani:\u00a0<strong>massimo 15 partecipanti, minimo 5<\/strong>.<\/p>\n<p style=\"text-align: justify;\"><strong>Attivit\u00e0 modulo base<\/strong><br \/>\n<strong>Parte pratica<\/strong>: approccio con i ritmi tradizionali del Salento (pizzica Salentina) il ritmo e il movimento terzinato, il movimento del corpo nello spazio, il movimento degli arti inferiori, il movimento degli arti superiori, i movimenti di riposo durante il ballo, le vibrazioni del corpo durante il ballo della pizzica, la complicit\u00e0 e l\u2019energia durante il ballo in coppia.<\/p>\n<p><strong>Parte didattica:<\/strong>\u00a0(Eventuali dispense didattiche saranno fornite dalle insegnanti)<br \/>\n&#8211; storia e nascita della tradizione popolare della pizzica salentina;<br \/>\n&#8211; storia e nascita dello strumento della pizzica (tamburello);<br \/>\n&#8211; spiegazione dei simboli magico religiosi legati al ballo e al suono;<br \/>\n&#8211; storie e leggende del ballo, (il morso della tarantola e i vari antidoti musicali), la musicoterapia;<br \/>\n&#8211; considerazioni e commenti finali, eventuale performance di fine modulo.<\/p>\n<p>Durante il corso occorre indossare abiti comodi, leggeri e non stretti (preferibilmente gonne lunghe o vestiti per le donne, pantaloni comodi per gli uomini), scarpe basse e con suola non scivolosa.<\/p>\n<p><strong>LE INSEGNANTI<\/strong><br \/>\n<strong>Caterina Stasino<\/strong>, laureata in\u00a0<em>Scienze umane e sociali<\/em>, appassionata di studi etno-antropologici, ha iniziato ad interessarsi alla cultura e alle tradizioni popolari dal 2006. Il suo primo approccio \u00e8 stato attraverso una full immersion nelle antiche culture della nostra terra e nella danza, che \u00e8 diventata una delle sue grandi passioni. \u00c8 seguita in questo percorso dai suoi figli, che sin dalla\u00a0 giovanissima et\u00e0, decisero di essere i\u00a0 suoi compagni di viaggio.<\/p>\n<p><strong>Ilaria Cipolletta<\/strong>\u00a0studia\u00a0<em>Scienze della comunicazione<\/em>. Spinta dalla curiosit\u00e0 e dall&#8217;esempio della madre, che gi\u00e0 conosceva la realt\u00e0 delle tradizioni popolari, dal 2009 si affaccia al mondo della musica e delle danze folkloristiche, approfondendo lo studio di queste ultime attraverso corsi, stage, workshop, seminari intensivi e partecipando a sua volta a eventi che rievocano \u201criti\u201d ancestrali.<\/p>\n<p>Il progetto e sogno di entrambe \u00e8 riuscire a trasmettere, tenere in vita, e soprattutto tramandare ai giovani, una delle tradizioni culturali pi\u00f9 belle e antiche della nostra terra, raccontandole in prima persona, alla luce della loro esperienza diretta.<\/p>\n<p style=\"text-align: justify;\"><span style=\"color: #ff0000;\"><strong>Per info e adesioni:\u00a0<\/strong><\/span><br \/>\n<span style=\"color: #ff0000;\"><strong>APS\u00a0<em>Controsegno<\/em>, Via Napoli 201, Pozzuoli, lungomare Bagnoli, presso stazione cumana\u00a0<em>Dazio \u2013<\/em><\/strong><strong>\u00a03398735267 \/ 3332191113 \u2013 controsegno@libero.it \u2013\u00a0<\/strong><strong><a style=\"color: #ff0000;\" href=\"http:\/\/www.controsegno.com\/\" target=\"_blank\">www.controsegno.com<\/a><br \/>\nFB:\u00a0<a style=\"color: #ff0000;\" href=\"https:\/\/www.facebook.com\/AtelierControsegno\/\" target=\"_blank\">AtelierControsegno<\/a>\u00a0e\u00a0<a style=\"color: #ff0000;\" href=\"https:\/\/www.facebook.com\/AttivitaInAtelier\/\" target=\"_blank\">Attivit\u00e0InAtelier<\/a><\/strong><\/span><\/p>\n<p style=\"text-align: justify;\"><strong><span style=\"color: #ff0000;\">Evento Facebook:<\/span>\u00a0<a style=\"color: #ff0000;\" href=\"http:\/\/www.facebook.com\/events\/524519251280561\">http:\/\/www.facebook.com\/events\/524519251280561<\/a><\/strong><\/p>\n","protected":false},"excerpt":{"rendered":"<p>Seminari intensivi a tema &#8211; corsi riservati esclusivamente ai soci &nbsp; Laboratori tenuti da\u00a0Ilaria Cipolletta\u00a0e\u00a0Caterina Stasino Tamurriando (tradizione della Campania): Il modulo base, per principianti, ha una durata totale di\u00a012 ore e dura circa 2 mesi. Le lezioni durano\u00a01 ora e 30\u00a0e si svolgono\u00a0ogni\u00a0gioved\u00ec 18:00-19.30, dall&#8217;8 febbraio. Il corso intende&#8230;<\/p>\n","protected":false},"author":1,"featured_media":0,"parent":1880,"menu_order":0,"comment_status":"closed","ping_status":"closed","template":"page-sidebarleft.php","meta":[],"_links":{"self":[{"href":"https:\/\/www.controsegno.com\/index.php?rest_route=\/wp\/v2\/pages\/1777"}],"collection":[{"href":"https:\/\/www.controsegno.com\/index.php?rest_route=\/wp\/v2\/pages"}],"about":[{"href":"https:\/\/www.controsegno.com\/index.php?rest_route=\/wp\/v2\/types\/page"}],"author":[{"embeddable":true,"href":"https:\/\/www.controsegno.com\/index.php?rest_route=\/wp\/v2\/users\/1"}],"replies":[{"embeddable":true,"href":"https:\/\/www.controsegno.com\/index.php?rest_route=%2Fwp%2Fv2%2Fcomments&post=1777"}],"version-history":[{"count":7,"href":"https:\/\/www.controsegno.com\/index.php?rest_route=\/wp\/v2\/pages\/1777\/revisions"}],"predecessor-version":[{"id":1821,"href":"https:\/\/www.controsegno.com\/index.php?rest_route=\/wp\/v2\/pages\/1777\/revisions\/1821"}],"up":[{"embeddable":true,"href":"https:\/\/www.controsegno.com\/index.php?rest_route=\/wp\/v2\/pages\/1880"}],"wp:attachment":[{"href":"https:\/\/www.controsegno.com\/index.php?rest_route=%2Fwp%2Fv2%2Fmedia&parent=1777"}],"curies":[{"name":"wp","href":"https:\/\/api.w.org\/{rel}","templated":true}]}}